{"id":1278,"date":"2020-05-23T15:45:58","date_gmt":"2020-05-23T15:45:58","guid":{"rendered":"https:\/\/maxmichel.de\/?page_id=1278"},"modified":"2020-07-28T17:15:01","modified_gmt":"2020-07-28T17:15:01","slug":"1-die-klasse-dateien-und-ordner","status":"publish","type":"page","link":"https:\/\/maxmichel.de\/?page_id=1278","title":{"rendered":"1. Die Klasse Dateien und Ordner"},"content":{"rendered":"\n<h1 class=\"wp-block-heading\">1. Die Klasse Dateien und Ordner<\/h1>\n\n\n\n<p>Auch hier begegnen uns unsere &#8222;alten Freunde&#8220; <em><strong>Objekt<\/strong><\/em> und <strong><em>Klasse<\/em><\/strong> wieder.<\/p>\n\n\n\n<figure class=\"wp-block-video\"><video height=\"768\" style=\"aspect-ratio: 1366 \/ 768;\" width=\"1366\" controls src=\"https:\/\/maxmichel.de\/wp-content\/uploads\/2020\/05\/6a-Hirarchische-Informationsstrukturen.mov\"><\/video><\/figure>\n\n\n\n<h2 class=\"has-text-align-center wp-block-heading\">Hefteintrag<\/h2>\n\n\n\n<p class=\"has-background has-luminous-vivid-amber-background-color\">Als ihr die Multimedia-Pr\u00e4sentation erstellt habt, ist ein neues Dokument entstanden. Man kann es als <strong><em>Objekt<\/em><\/strong> der <strong><em>Klasse<\/em><\/strong> &#8222;DATEI&#8220; auffassen. Dieses Dokument habt ihr in einem Ordner auf dem Rechner abgelegt (beispielsweise &#8222;Informatik6a&#8220;). Auch diesen Ordner kann man als <strong><em>Objekt<\/em><\/strong> der <strong><em>Klasse<\/em><\/strong> &#8222;ORDNER&#8220; auffassen. <br>Normalerweise werden auch <strong><em>Attribute<\/em><\/strong>, wie beispielsweise Name, \u00c4nderungsdatum, Gr\u00f6\u00dfe, Art usw, angezeigt (siehe Bild unten). <\/p>\n\n\n\n<figure class=\"wp-block-image size-large\"><img loading=\"lazy\" decoding=\"async\" width=\"813\" height=\"367\" src=\"https:\/\/maxmichel.de\/wp-content\/uploads\/2020\/05\/image-5.png\" alt=\"\" class=\"wp-image-1286\" srcset=\"https:\/\/maxmichel.de\/wp-content\/uploads\/2020\/05\/image-5.png 813w, https:\/\/maxmichel.de\/wp-content\/uploads\/2020\/05\/image-5-300x135.png 300w, https:\/\/maxmichel.de\/wp-content\/uploads\/2020\/05\/image-5-768x347.png 768w\" sizes=\"auto, (max-width: 813px) 100vw, 813px\" \/><figcaption>Beispiel f\u00fcr Objekte der Klasse &#8222;DATEI&#8220; in einem Objekt der Klasse &#8222;ORDNER&#8220;.<\/figcaption><\/figure>\n\n\n\n<h2 class=\"has-text-align-center wp-block-heading\">\u00dcbungsaufgabe<\/h2>\n\n\n\n<p>Ladet euch die Word-Datei &#8222;DateienUndOrdner_Aufgabenbl\u00e4tter&#8220; herunter. <br>Ladet auch die zip-Datei herunter, entpackt sie in eurem Ordner auf eurem Rechner und bearbeitet anschlie\u00dfend die Aufgaben in dem Word-Dokument. <\/p>\n\n\n\n<div class=\"wp-block-file\"><a href=\"https:\/\/maxmichel.de\/wp-content\/uploads\/2020\/05\/DateienUndOrdner_Aufgabenbl\u00e4tter.doc\">DateienUndOrdner_Aufgabenbl\u00e4tter<\/a><a href=\"https:\/\/maxmichel.de\/wp-content\/uploads\/2020\/05\/DateienUndOrdner_Aufgabenbl\u00e4tter.doc\" class=\"wp-block-file__button\" download>Herunterladen<\/a><\/div>\n\n\n\n<div class=\"wp-block-file\"><a href=\"https:\/\/maxmichel.de\/wp-content\/uploads\/2020\/05\/Papiersto\u00df.zip\">Papiersto\u00df<\/a><a href=\"https:\/\/maxmichel.de\/wp-content\/uploads\/2020\/05\/Papiersto\u00df.zip\" class=\"wp-block-file__button\" download>Herunterladen<\/a><\/div>\n\n\n\n<p>Schicke dein bearbeitetes Aufgabenblatt bis zum Donnerstag 28. Mai 2020 19:00&nbsp;<a href=\"mailto:corona@maxmichel.de\">an diese Mailadresse.<\/a><\/p>\n","protected":false},"excerpt":{"rendered":"<p>1. Die Klasse Dateien und Ordner Auch hier begegnen uns unsere &#8222;alten Freunde&#8220; Objekt und Klasse wieder. Hefteintrag Als ihr die Multimedia-Pr\u00e4sentation erstellt habt, ist ein neues Dokument entstanden. Man&#8230; <\/p>\n","protected":false},"author":1,"featured_media":0,"parent":0,"menu_order":0,"comment_status":"closed","ping_status":"closed","template":"","meta":{"_bbp_topic_count":0,"_bbp_reply_count":0,"_bbp_total_topic_count":0,"_bbp_total_reply_count":0,"_bbp_voice_count":0,"_bbp_anonymous_reply_count":0,"_bbp_topic_count_hidden":0,"_bbp_reply_count_hidden":0,"_bbp_forum_subforum_count":0,"_lmt_disableupdate":"","_lmt_disable":"","footnotes":""},"class_list":["post-1278","page","type-page","status-publish","hentry"],"_links":{"self":[{"href":"https:\/\/maxmichel.de\/index.php?rest_route=\/wp\/v2\/pages\/1278","targetHints":{"allow":["GET"]}}],"collection":[{"href":"https:\/\/maxmichel.de\/index.php?rest_route=\/wp\/v2\/pages"}],"about":[{"href":"https:\/\/maxmichel.de\/index.php?rest_route=\/wp\/v2\/types\/page"}],"author":[{"embeddable":true,"href":"https:\/\/maxmichel.de\/index.php?rest_route=\/wp\/v2\/users\/1"}],"replies":[{"embeddable":true,"href":"https:\/\/maxmichel.de\/index.php?rest_route=%2Fwp%2Fv2%2Fcomments&post=1278"}],"version-history":[{"count":4,"href":"https:\/\/maxmichel.de\/index.php?rest_route=\/wp\/v2\/pages\/1278\/revisions"}],"predecessor-version":[{"id":1675,"href":"https:\/\/maxmichel.de\/index.php?rest_route=\/wp\/v2\/pages\/1278\/revisions\/1675"}],"wp:attachment":[{"href":"https:\/\/maxmichel.de\/index.php?rest_route=%2Fwp%2Fv2%2Fmedia&parent=1278"}],"curies":[{"name":"wp","href":"https:\/\/api.w.org\/{rel}","templated":true}]}}